{"id":2,"date":"2025-10-11T18:58:59","date_gmt":"2025-10-11T18:58:59","guid":{"rendered":"https:\/\/mmacluj.ro\/gym\/?page_id=2"},"modified":"2025-10-18T09:18:07","modified_gmt":"2025-10-18T09:18:07","slug":"mma-transilvania-cluj-arena-gym","status":"publish","type":"page","link":"https:\/\/mmacluj.ro\/gym\/","title":{"rendered":"MMA Transilvania Cluj Arena Gym"},"content":{"rendered":"\n<h2 class=\"wp-block-heading has-text-align-center\">MMA Transilvania Cluj Arena Gym<\/h2>\n\n\n<div class=\"wp-block-image\">\n<figure class=\"aligncenter size-full\"><img loading=\"lazy\" decoding=\"async\" width=\"1024\" height=\"387\" src=\"https:\/\/mmacluj.ro\/gym\/wp-content\/uploads\/2025\/10\/ban.png\" alt=\"MMA Gym Cluj - MMA Transilvania Trainers\" class=\"wp-image-126\" srcset=\"https:\/\/mmacluj.ro\/gym\/wp-content\/uploads\/2025\/10\/ban.png 1024w, https:\/\/mmacluj.ro\/gym\/wp-content\/uploads\/2025\/10\/ban-300x113.png 300w, https:\/\/mmacluj.ro\/gym\/wp-content\/uploads\/2025\/10\/ban-768x290.png 768w\" sizes=\"auto, (max-width: 1024px) 100vw, 1024px\" \/><figcaption class=\"wp-element-caption\">MMA Gym Cluj &#8211; MMA Transilvania Trainers<\/figcaption><\/figure>\n<\/div>\n\n\n<blockquote class=\"wp-block-quote\">\n<p>MMA Transilvania Cluj Arena Gym is the first and best MMA fighting club in Cluj. Come and try a free training session with our mma, kickboxing, muaythai, grappling, bjj nogi, karate kombat, trainers!<\/p>\n<\/blockquote>\n\n\n\n<p><strong>Ce oferim?<\/strong><\/p>\n\n\n\n<p>Cursuri MMA Cluj \u2013 Antrenamente \u00cencep\u0103tori &amp; Avansa\u021bi<\/p>\n\n\n\n<p>Kickboxing Cluj \u2013 Fitness, Autoap\u0103rare \u0219i Performan\u021b\u0103<\/p>\n\n\n\n<p>Arte Mar\u021biale Copii Cluj \u2013 Muay Thai Kids, MMA, BJJ, Autoap\u0103rare<\/p>\n\n\n\n<p>Kickboxing pentru Femei \u00een Cluj \u2013 Sl\u0103be\u0219te &amp; Antreneaz\u0103-te<\/p>\n\n\n\n<p>BJJ Cluj \u2013 Brazilian Jiu-Jitsu Gi\/ Nogi pentru Toate Nivelurile<\/p>\n\n\n\n<p>Muaythai Performance &#8211; Particip\u0103 la competi\u021bii na\u021bionale \u0219i interna\u021bionale<\/p>\n\n\n\n<p><strong>Clas\u0103 Gratuit\u0103 MMA Cluj \u2013 \u00cencearc\u0103 Gratuit Prima Dat\u0103<\/strong><\/p>\n\n\n\n<p>Ofert\u0103 pentru Studen\u021bi \u0219i elevi: <strong>1+1 Gratis<\/strong> ( *2 luni )<\/p>\n\n\n\n<blockquote class=\"wp-block-quote\">\n<p>MMA Transilvania Cluj-Napoca este clubul care \u00ee\u021bi ofer\u0103 posibilitatea s\u0103 participi la competi\u021bii na\u021bionale \u0219i interna\u021bionale precum \u0219i \u00een gale de amatori, semipro \u0219i pro. Prin colaborarea cu promo\u021biile HASEIO, UFT \u0219i DFS, prin colaborarea cu ISKA \u0219i WBC Muaythai sportivii no\u0219tri au cadrul complet prin care s\u0103 ating\u0103 performan\u021ba \u0219i excelen\u021ba.<\/p>\n<\/blockquote>\n\n\n\n<p class=\"has-text-align-center\"><strong>www.mmacluj.ro<\/strong><\/p>\n\n\n\n<p class=\"has-text-align-center\"><a href=\"https:\/\/mmacluj.ro\/gym\/blog\/\">Blog MMA Cluj \u2013 Sfaturi, Nutri\u021bie, Antrenamente, Competi\u021bii<\/a><\/p>\n\n\n<div class=\"wp-block-image\">\n<figure class=\"aligncenter size-full\"><img loading=\"lazy\" decoding=\"async\" width=\"768\" height=\"773\" src=\"https:\/\/mmacluj.ro\/gym\/wp-content\/uploads\/2025\/10\/monea-1-wbc-verona.png\" alt=\"Raul Monea ( MMA Transilvania )  Campion Mondial WBC Muaythai in Verona - Italia in 2025\" class=\"wp-image-134\" srcset=\"https:\/\/mmacluj.ro\/gym\/wp-content\/uploads\/2025\/10\/monea-1-wbc-verona.png 768w, https:\/\/mmacluj.ro\/gym\/wp-content\/uploads\/2025\/10\/monea-1-wbc-verona-298x300.png 298w, https:\/\/mmacluj.ro\/gym\/wp-content\/uploads\/2025\/10\/monea-1-wbc-verona-150x150.png 150w\" sizes=\"auto, (max-width: 768px) 100vw, 768px\" \/><\/figure>\n<\/div>\n\n\n<p class=\"has-text-align-center\"><strong><a href=\"https:\/\/mmacluj.ro\/gym\/orar\/\">Class Schedule &#8211; Orar Cursuri &#8211; Grupe de Antrenament &#8211; Training Program<\/a><\/strong><\/p>\n\n\n\n<p class=\"has-text-align-center\"><strong><a href=\"https:\/\/mmacluj.ro\/gym\/mma-transilvania-sports\/\">Sporturi practicate la MMA Transilvania Cluj Arena Gym<\/a><\/strong><\/p>\n\n\n<div class=\"wp-block-image\">\n<figure class=\"aligncenter size-full\"><img loading=\"lazy\" decoding=\"async\" width=\"1020\" height=\"768\" src=\"https:\/\/mmacluj.ro\/gym\/wp-content\/uploads\/2025\/10\/2PXL_20250929_172533634.PORTRAIT.jpg\" alt=\"MMA Transilvania Cluj Arena Gym - Muay Thai Performance Team\" class=\"wp-image-138\" srcset=\"https:\/\/mmacluj.ro\/gym\/wp-content\/uploads\/2025\/10\/2PXL_20250929_172533634.PORTRAIT.jpg 1020w, https:\/\/mmacluj.ro\/gym\/wp-content\/uploads\/2025\/10\/2PXL_20250929_172533634.PORTRAIT-300x226.jpg 300w, https:\/\/mmacluj.ro\/gym\/wp-content\/uploads\/2025\/10\/2PXL_20250929_172533634.PORTRAIT-768x578.jpg 768w\" sizes=\"auto, (max-width: 1020px) 100vw, 1020px\" \/><\/figure>\n<\/div>\n\n\n\n\n<p><\/p>\n\n\n\n<p class=\"has-text-align-center\"><a href=\"https:\/\/mmacluj.ro\/gym\/free-class\/\">Try ONE Free Class NOW!<\/a><\/p>\n\n\n\n<p class=\"has-text-align-center\"><strong><a href=\"http:\/\/www.mmacluj.ro\/gym\">HOME<\/a><\/strong><\/p>\n\n\n\n<h2 class=\"wp-block-heading has-text-align-center\">sal\u0103 MMA Cluj, BJJ Cluj, kickboxing Cluj, muay thai Cluj, arte mar\u021biale Cluj, cursuri MMA Cluj, box cluj, antrenamente MMA Cluj, grappling Cluj, autoap\u0103rare Cluj, sal\u0103 arte mar\u021biale copii Cluj, kickboxing pentru femei Cluj, antrenor MMA Cluj, cel mai bun club MMA Cluj, cursuri BJJ \u00eencep\u0103tori Cluj, sala sport Cluj, MMA Cluj abonament, clas\u0103 gratuit\u0103 MMA Cluj, program sal\u0103 MMA Cluj, lupte Cluj, echipament MMA Cluj<\/h2>\n","protected":false},"excerpt":{"rendered":"<p>MMA Transilvania Cluj Arena Gym MMA Transilvania Cluj Arena Gym is the first and best MMA fighting club in Cluj. Come and try a free training session with our mma, kickboxing, muaythai, grappling, bjj nogi, karate kombat, trainers! Ce oferim? Cursuri MMA Cluj \u2013 Antrenamente \u00cencep\u0103tori &amp; Avansa\u021bi Kickboxing Cluj \u2013 Fitness, Autoap\u0103rare \u0219i Performan\u021b\u0103 [&hellip;]<\/p>\n","protected":false},"author":1,"featured_media":126,"parent":0,"menu_order":0,"comment_status":"closed","ping_status":"open","template":"full-width.php","meta":{"pagelayer_contact_templates":[],"_pagelayer_content":"","footnotes":""},"class_list":["post-2","page","type-page","status-publish","has-post-thumbnail","hentry"],"yoast_head":"<!-- This site is optimized with the Yoast SEO plugin v26.2 - https:\/\/yoast.com\/wordpress\/plugins\/seo\/ -->\n<title>MMA Transilvania Cluj Arena Gym - Best Gym, Best Trainers in Cluj<\/title>\n<meta name=\"description\" content=\"MMA Transilvania Cluj Arena Gym is the first and best MMA fighting club in Cluj. Come and try a free training with our mma, muaythai trainers\" \/>\n<meta name=\"robots\" content=\"index, follow, max-snippet:-1, max-image-preview:large, max-video-preview:-1\" \/>\n<link rel=\"canonical\" href=\"https:\/\/mmacluj.ro\/gym\/\" \/>\n<meta property=\"og:locale\" content=\"en_US\" \/>\n<meta property=\"og:type\" content=\"article\" \/>\n<meta property=\"og:title\" content=\"MMA Transilvania Cluj Arena Gym - Best Gym, Best Trainers in Cluj\" \/>\n<meta property=\"og:description\" content=\"MMA Transilvania Cluj Arena Gym is the first and best MMA fighting club in Cluj. Come and try a free training with our mma, muaythai trainers\" \/>\n<meta property=\"og:url\" content=\"https:\/\/mmacluj.ro\/gym\/\" \/>\n<meta property=\"og:site_name\" content=\"MMA Transilvania Cluj-Napoca - Best Gym, Best Trainers\" \/>\n<meta property=\"article:publisher\" content=\"https:\/\/www.facebook.com\/mmatransilvania\/\" \/>\n<meta property=\"article:modified_time\" content=\"2025-10-18T09:18:07+00:00\" \/>\n<meta property=\"og:image\" content=\"https:\/\/mmacluj.ro\/gym\/wp-content\/uploads\/2025\/10\/ban.png\" \/>\n\t<meta property=\"og:image:width\" content=\"1024\" \/>\n\t<meta property=\"og:image:height\" content=\"387\" \/>\n\t<meta property=\"og:image:type\" content=\"image\/png\" \/>\n<meta name=\"twitter:card\" content=\"summary_large_image\" \/>\n<meta name=\"twitter:label1\" content=\"Est. reading time\" \/>\n\t<meta name=\"twitter:data1\" content=\"2 minutes\" \/>\n<script type=\"application\/ld+json\" class=\"yoast-schema-graph\">{\"@context\":\"https:\/\/schema.org\",\"@graph\":[{\"@type\":\"WebPage\",\"@id\":\"https:\/\/mmacluj.ro\/gym\/\",\"url\":\"https:\/\/mmacluj.ro\/gym\/\",\"name\":\"MMA Transilvania Cluj Arena Gym - Best Gym, Best Trainers in Cluj\",\"isPartOf\":{\"@id\":\"https:\/\/mmacluj.ro\/gym\/#website\"},\"primaryImageOfPage\":{\"@id\":\"https:\/\/mmacluj.ro\/gym\/#primaryimage\"},\"image\":{\"@id\":\"https:\/\/mmacluj.ro\/gym\/#primaryimage\"},\"thumbnailUrl\":\"https:\/\/mmacluj.ro\/gym\/wp-content\/uploads\/2025\/10\/ban.png\",\"datePublished\":\"2025-10-11T18:58:59+00:00\",\"dateModified\":\"2025-10-18T09:18:07+00:00\",\"description\":\"MMA Transilvania Cluj Arena Gym is the first and best MMA fighting club in Cluj. Come and try a free training with our mma, muaythai trainers\",\"breadcrumb\":{\"@id\":\"https:\/\/mmacluj.ro\/gym\/#breadcrumb\"},\"inLanguage\":\"en-US\",\"potentialAction\":[{\"@type\":\"ReadAction\",\"target\":[\"https:\/\/mmacluj.ro\/gym\/\"]}]},{\"@type\":\"ImageObject\",\"inLanguage\":\"en-US\",\"@id\":\"https:\/\/mmacluj.ro\/gym\/#primaryimage\",\"url\":\"https:\/\/mmacluj.ro\/gym\/wp-content\/uploads\/2025\/10\/ban.png\",\"contentUrl\":\"https:\/\/mmacluj.ro\/gym\/wp-content\/uploads\/2025\/10\/ban.png\",\"width\":1024,\"height\":387,\"caption\":\"MMA Gym Cluj - MMA Transilvania Trainers\"},{\"@type\":\"BreadcrumbList\",\"@id\":\"https:\/\/mmacluj.ro\/gym\/#breadcrumb\",\"itemListElement\":[{\"@type\":\"ListItem\",\"position\":1,\"name\":\"Home\",\"item\":\"https:\/\/mmacluj.ro\/gym\/\"},{\"@type\":\"ListItem\",\"position\":2,\"name\":\"MMA Transilvania Cluj Arena Gym\"}]},{\"@type\":\"WebSite\",\"@id\":\"https:\/\/mmacluj.ro\/gym\/#website\",\"url\":\"https:\/\/mmacluj.ro\/gym\/\",\"name\":\"MMA Transilvania Cluj-Napoca - Best Gym, Best Trainers\",\"description\":\"MMA, Muay Thai, Kickboxing, Grappling, Submission, BJJ, Karate Kombat, Box - Best Gym, Best Trainers\",\"publisher\":{\"@id\":\"https:\/\/mmacluj.ro\/gym\/#organization\"},\"potentialAction\":[{\"@type\":\"SearchAction\",\"target\":{\"@type\":\"EntryPoint\",\"urlTemplate\":\"https:\/\/mmacluj.ro\/gym\/?s={search_term_string}\"},\"query-input\":{\"@type\":\"PropertyValueSpecification\",\"valueRequired\":true,\"valueName\":\"search_term_string\"}}],\"inLanguage\":\"en-US\"},{\"@type\":\"Organization\",\"@id\":\"https:\/\/mmacluj.ro\/gym\/#organization\",\"name\":\"MMA Transilvania Cluj-Napoca - Best Gym, Best Trainers\",\"url\":\"https:\/\/mmacluj.ro\/gym\/\",\"logo\":{\"@type\":\"ImageObject\",\"inLanguage\":\"en-US\",\"@id\":\"https:\/\/mmacluj.ro\/gym\/#\/schema\/logo\/image\/\",\"url\":\"https:\/\/mmacluj.ro\/gym\/wp-content\/uploads\/2025\/10\/SIGLA-MMA.png\",\"contentUrl\":\"https:\/\/mmacluj.ro\/gym\/wp-content\/uploads\/2025\/10\/SIGLA-MMA.png\",\"width\":480,\"height\":480,\"caption\":\"MMA Transilvania Cluj-Napoca - Best Gym, Best Trainers\"},\"image\":{\"@id\":\"https:\/\/mmacluj.ro\/gym\/#\/schema\/logo\/image\/\"},\"sameAs\":[\"https:\/\/www.facebook.com\/mmatransilvania\/\",\"https:\/\/www.instagram.com\/mma.transilvania\/\",\"https:\/\/www.youtube.com\/@mma.transilvania\",\"https:\/\/www.tiktok.com\/@www.mmacluj.com\"]}]}<\/script>\n<!-- \/ Yoast SEO plugin. -->","yoast_head_json":{"title":"MMA Transilvania Cluj Arena Gym - Best Gym, Best Trainers in Cluj","description":"MMA Transilvania Cluj Arena Gym is the first and best MMA fighting club in Cluj. Come and try a free training with our mma, muaythai trainers","robots":{"index":"index","follow":"follow","max-snippet":"max-snippet:-1","max-image-preview":"max-image-preview:large","max-video-preview":"max-video-preview:-1"},"canonical":"https:\/\/mmacluj.ro\/gym\/","og_locale":"en_US","og_type":"article","og_title":"MMA Transilvania Cluj Arena Gym - Best Gym, Best Trainers in Cluj","og_description":"MMA Transilvania Cluj Arena Gym is the first and best MMA fighting club in Cluj. Come and try a free training with our mma, muaythai trainers","og_url":"https:\/\/mmacluj.ro\/gym\/","og_site_name":"MMA Transilvania Cluj-Napoca - Best Gym, Best Trainers","article_publisher":"https:\/\/www.facebook.com\/mmatransilvania\/","article_modified_time":"2025-10-18T09:18:07+00:00","og_image":[{"width":1024,"height":387,"url":"https:\/\/mmacluj.ro\/gym\/wp-content\/uploads\/2025\/10\/ban.png","type":"image\/png"}],"twitter_card":"summary_large_image","twitter_misc":{"Est. reading time":"2 minutes"},"schema":{"@context":"https:\/\/schema.org","@graph":[{"@type":"WebPage","@id":"https:\/\/mmacluj.ro\/gym\/","url":"https:\/\/mmacluj.ro\/gym\/","name":"MMA Transilvania Cluj Arena Gym - Best Gym, Best Trainers in Cluj","isPartOf":{"@id":"https:\/\/mmacluj.ro\/gym\/#website"},"primaryImageOfPage":{"@id":"https:\/\/mmacluj.ro\/gym\/#primaryimage"},"image":{"@id":"https:\/\/mmacluj.ro\/gym\/#primaryimage"},"thumbnailUrl":"https:\/\/mmacluj.ro\/gym\/wp-content\/uploads\/2025\/10\/ban.png","datePublished":"2025-10-11T18:58:59+00:00","dateModified":"2025-10-18T09:18:07+00:00","description":"MMA Transilvania Cluj Arena Gym is the first and best MMA fighting club in Cluj. Come and try a free training with our mma, muaythai trainers","breadcrumb":{"@id":"https:\/\/mmacluj.ro\/gym\/#breadcrumb"},"inLanguage":"en-US","potentialAction":[{"@type":"ReadAction","target":["https:\/\/mmacluj.ro\/gym\/"]}]},{"@type":"ImageObject","inLanguage":"en-US","@id":"https:\/\/mmacluj.ro\/gym\/#primaryimage","url":"https:\/\/mmacluj.ro\/gym\/wp-content\/uploads\/2025\/10\/ban.png","contentUrl":"https:\/\/mmacluj.ro\/gym\/wp-content\/uploads\/2025\/10\/ban.png","width":1024,"height":387,"caption":"MMA Gym Cluj - MMA Transilvania Trainers"},{"@type":"BreadcrumbList","@id":"https:\/\/mmacluj.ro\/gym\/#breadcrumb","itemListElement":[{"@type":"ListItem","position":1,"name":"Home","item":"https:\/\/mmacluj.ro\/gym\/"},{"@type":"ListItem","position":2,"name":"MMA Transilvania Cluj Arena Gym"}]},{"@type":"WebSite","@id":"https:\/\/mmacluj.ro\/gym\/#website","url":"https:\/\/mmacluj.ro\/gym\/","name":"MMA Transilvania Cluj-Napoca - Best Gym, Best Trainers","description":"MMA, Muay Thai, Kickboxing, Grappling, Submission, BJJ, Karate Kombat, Box - Best Gym, Best Trainers","publisher":{"@id":"https:\/\/mmacluj.ro\/gym\/#organization"},"potentialAction":[{"@type":"SearchAction","target":{"@type":"EntryPoint","urlTemplate":"https:\/\/mmacluj.ro\/gym\/?s={search_term_string}"},"query-input":{"@type":"PropertyValueSpecification","valueRequired":true,"valueName":"search_term_string"}}],"inLanguage":"en-US"},{"@type":"Organization","@id":"https:\/\/mmacluj.ro\/gym\/#organization","name":"MMA Transilvania Cluj-Napoca - Best Gym, Best Trainers","url":"https:\/\/mmacluj.ro\/gym\/","logo":{"@type":"ImageObject","inLanguage":"en-US","@id":"https:\/\/mmacluj.ro\/gym\/#\/schema\/logo\/image\/","url":"https:\/\/mmacluj.ro\/gym\/wp-content\/uploads\/2025\/10\/SIGLA-MMA.png","contentUrl":"https:\/\/mmacluj.ro\/gym\/wp-content\/uploads\/2025\/10\/SIGLA-MMA.png","width":480,"height":480,"caption":"MMA Transilvania Cluj-Napoca - Best Gym, Best Trainers"},"image":{"@id":"https:\/\/mmacluj.ro\/gym\/#\/schema\/logo\/image\/"},"sameAs":["https:\/\/www.facebook.com\/mmatransilvania\/","https:\/\/www.instagram.com\/mma.transilvania\/","https:\/\/www.youtube.com\/@mma.transilvania","https:\/\/www.tiktok.com\/@www.mmacluj.com"]}]}},"_links":{"self":[{"href":"https:\/\/mmacluj.ro\/gym\/wp-json\/wp\/v2\/pages\/2","targetHints":{"allow":["GET"]}}],"collection":[{"href":"https:\/\/mmacluj.ro\/gym\/wp-json\/wp\/v2\/pages"}],"about":[{"href":"https:\/\/mmacluj.ro\/gym\/wp-json\/wp\/v2\/types\/page"}],"author":[{"embeddable":true,"href":"https:\/\/mmacluj.ro\/gym\/wp-json\/wp\/v2\/users\/1"}],"replies":[{"embeddable":true,"href":"https:\/\/mmacluj.ro\/gym\/wp-json\/wp\/v2\/comments?post=2"}],"version-history":[{"count":16,"href":"https:\/\/mmacluj.ro\/gym\/wp-json\/wp\/v2\/pages\/2\/revisions"}],"predecessor-version":[{"id":198,"href":"https:\/\/mmacluj.ro\/gym\/wp-json\/wp\/v2\/pages\/2\/revisions\/198"}],"wp:featuredmedia":[{"embeddable":true,"href":"https:\/\/mmacluj.ro\/gym\/wp-json\/wp\/v2\/media\/126"}],"wp:attachment":[{"href":"https:\/\/mmacluj.ro\/gym\/wp-json\/wp\/v2\/media?parent=2"}],"curies":[{"name":"wp","href":"https:\/\/api.w.org\/{rel}","templated":true}]}}